{"id":10955,"date":"2023-05-03T07:17:42","date_gmt":"2023-05-03T07:17:42","guid":{"rendered":"https:\/\/dunekamp.siverino.ch\/?page_id=10955"},"modified":"2023-05-04T07:13:12","modified_gmt":"2023-05-04T07:13:12","slug":"fundraising","status":"publish","type":"page","link":"https:\/\/dunekamp.siverino.ch\/?page_id=10955","title":{"rendered":"Fundraising"},"content":{"rendered":"<h2  > Fundraising Beratung<br \/>\n<\/h2>\n<style>\/*! elementor - v3.12.2 - 23-04-2023 *\/\n.elementor-widget-image{text-align:center}.elementor-widget-image a{display:inline-block}.elementor-widget-image a img[src$=\".svg\"]{width:48px}.elementor-widget-image img{vertical-align:middle;display:inline-block}<\/style>\n<p>\t\t\t\t\t\t\t\t\t\t\t\t<img decoding=\"async\" width=\"60\" height=\"3\" src=\"http:\/\/dunekamp.siverino.ch\/wp-content\/uploads\/2023\/05\/shape-border.png\" alt=\"\" loading=\"lazy\" \/>\t\t\t\t\t\t\t\t\t\t\t\t\t\t\t<\/p>\n<p  > Wir verstehen uns als Fundraising Berater f\u00fcr unsere Kunden und sind auch f\u00fcr Sie da, wenn es um die Umsetzung von Fundraisingmassnahmen geht.<\/p>\n<p  > Wir nehmen stets zuerst die Bed\u00fcrfnisse und W\u00fcnsche unserer Kunden auf und pr\u00fcfen die Machbarkeit. Es ist uns besonders wichtig nur bei Aussicht auf Erfolg eine Zusammenarbeit einzugehen. Wir legen Wert auf gegenseitiges Vertrauen und Dank fundierter, systematischer und strategischer Herangehensweise k\u00f6nnen die definierten Ziele erreicht werden. Wir sind \u00fcberzeugt, dass wir Ihnen zum Erfolg verhelfen, den Sie sich f\u00fcr Ihre Organisation, Ihren Bereich oder Ihre pers\u00f6nliche Zielerreichung w\u00fcnschen.<\/p>\n<p  > F\u00fcr unsere Beratung greifen wir auf mehr als 30 Jahre Fundraisingerfahrung zur\u00fcck. Und eine dieser Erfahrungen lautet: Je l\u00e4nger die Beratungsbeziehung dauert, desto erfolgreicher die Zusammenarbeit.<\/p>\n<h2  > Philosophie<br \/>\n<\/h2>\n<p>\t\t\t\t\t\t\t\t\t\t\t\t\t\t\t<img decoding=\"async\" width=\"60\" height=\"3\" src=\"http:\/\/dunekamp.siverino.ch\/wp-content\/uploads\/2023\/05\/shape-border.png\" alt=\"\" loading=\"lazy\" \/>\t\t\t\t\t\t\t\t\t\t\t\t\t\t\t<\/p>\n<h4  > \u201eDie Leidenschaft zum Fundraising auf unseren Kunden zu \u00fcbertragen, sie zu bef\u00e4higen strategisch, kreativ, erfolgreich und selbstst\u00e4ndig ihr Fundraising umzusetzen&#187;<\/h4>\n<p>\t\t\t<a\n\t\t\t\thref=\"https:\/\/dunekamp.siverino.ch\/contact\/\"class=\"elementor-button btn btn-solid btn-icon-shaped btn-has-label\"\t\t\t><br \/>\n\t\t\t\t\t\tKontaktieren Sie Uns<br \/>\n\t\t\t\t\t\t\t\t\t\t\t<\/a><\/p>\n","protected":false},"excerpt":{"rendered":"<p>Fundraising Beratung Wir verstehen uns als Fundraising Berater f\u00fcr unsere Kunden und sind auch f\u00fcr Sie da, wenn es um die Umsetzung von Fundraisingmassnahmen geht. Wir nehmen stets zuerst die Bed\u00fcrfnisse und W\u00fcnsche unserer Kunden auf und pr\u00fcfen die Machbarkeit. Es ist uns besonders wichtig nur bei Aussicht auf Erfolg eine Zusammenarbeit einzugehen. Wir legen [&hellip;]<\/p>\n","protected":false},"author":1,"featured_media":0,"parent":0,"menu_order":0,"comment_status":"closed","ping_status":"closed","template":"","meta":{"footnotes":""},"class_list":["post-10955","page","type-page","status-publish","hentry"],"_links":{"self":[{"href":"https:\/\/dunekamp.siverino.ch\/index.php?rest_route=\/wp\/v2\/pages\/10955","targetHints":{"allow":["GET"]}}],"collection":[{"href":"https:\/\/dunekamp.siverino.ch\/index.php?rest_route=\/wp\/v2\/pages"}],"about":[{"href":"https:\/\/dunekamp.siverino.ch\/index.php?rest_route=\/wp\/v2\/types\/page"}],"author":[{"embeddable":true,"href":"https:\/\/dunekamp.siverino.ch\/index.php?rest_route=\/wp\/v2\/users\/1"}],"replies":[{"embeddable":true,"href":"https:\/\/dunekamp.siverino.ch\/index.php?rest_route=%2Fwp%2Fv2%2Fcomments&post=10955"}],"version-history":[{"count":19,"href":"https:\/\/dunekamp.siverino.ch\/index.php?rest_route=\/wp\/v2\/pages\/10955\/revisions"}],"predecessor-version":[{"id":11442,"href":"https:\/\/dunekamp.siverino.ch\/index.php?rest_route=\/wp\/v2\/pages\/10955\/revisions\/11442"}],"wp:attachment":[{"href":"https:\/\/dunekamp.siverino.ch\/index.php?rest_route=%2Fwp%2Fv2%2Fmedia&parent=10955"}],"curies":[{"name":"wp","href":"https:\/\/api.w.org\/{rel}","templated":true}]}}