{"id":11017,"date":"2023-05-03T09:00:21","date_gmt":"2023-05-03T09:00:21","guid":{"rendered":"https:\/\/dunekamp.siverino.ch\/?page_id=11017"},"modified":"2023-05-04T07:03:47","modified_gmt":"2023-05-04T07:03:47","slug":"major-donor-fundraising","status":"publish","type":"page","link":"https:\/\/dunekamp.siverino.ch\/?page_id=11017","title":{"rendered":"Major Donor Fundraising"},"content":{"rendered":"<h2  > Major Donor Fundraising<\/h2>\n<style>\/*! elementor - v3.12.2 - 23-04-2023 *\/\n.elementor-widget-image{text-align:center}.elementor-widget-image a{display:inline-block}.elementor-widget-image a img[src$=\".svg\"]{width:48px}.elementor-widget-image img{vertical-align:middle;display:inline-block}<\/style>\n<p>\t\t\t\t\t\t\t\t\t\t\t\t<img decoding=\"async\" width=\"60\" height=\"3\" src=\"http:\/\/dunekamp.siverino.ch\/wp-content\/uploads\/2023\/05\/shape-border.png\" alt=\"\" loading=\"lazy\" \/>\t\t\t\t\t\t\t\t\t\t\t\t\t\t\t<\/p>\n<p  > Grosspenden kommen von Privatpersonen, Stiftungen und Unternehmen. Bei der Recherche, den Projekteingaben und der Bef\u00e4higung der Mitarbeitenden unterst\u00fctzen wir die NPO.<\/p>\n<p>Major Donor Fundraisingstrategie<\/p>\n<p>Stiftungsmarketing<\/p>\n<p>Private Donorship<\/p>\n<p>Erbschaftsmarketing<\/p>\n<p>Institutional Readiness<\/p>\n<p>Systematik<\/p>\n<p>Prozess- und Qualit\u00e4tssicherung\n <\/p>\n<h2  > Philosophie<br \/>\n<\/h2>\n<p>\t\t\t\t\t\t\t\t\t\t\t\t\t\t\t<img decoding=\"async\" width=\"60\" height=\"3\" src=\"http:\/\/dunekamp.siverino.ch\/wp-content\/uploads\/2023\/05\/shape-border.png\" alt=\"\" loading=\"lazy\" \/>\t\t\t\t\t\t\t\t\t\t\t\t\t\t\t<\/p>\n<h4  > \u201eDie Leidenschaft zum Fundraising auf unseren Kunden zu \u00fcbertragen, sie zu bef\u00e4higen strategisch, kreativ, erfolgreich und selbstst\u00e4ndig ihr Fundraising umzusetzen&#187;<\/h4>\n<p>\t\t\t<a\n\t\t\t\thref=\"https:\/\/dunekamp.siverino.ch\/contact\/\"class=\"elementor-button btn btn-solid btn-icon-shaped btn-has-label\"\t\t\t><br \/>\n\t\t\t\t\t\tKontaktieren Sie Uns<br \/>\n\t\t\t\t\t\t\t\t\t\t\t<\/a><\/p>\n","protected":false},"excerpt":{"rendered":"<p>Major Donor Fundraising Grosspenden kommen von Privatpersonen, Stiftungen und Unternehmen. Bei der Recherche, den Projekteingaben und der Bef\u00e4higung der Mitarbeitenden unterst\u00fctzen wir die NPO. Major Donor Fundraisingstrategie Stiftungsmarketing Private Donorship Erbschaftsmarketing Institutional Readiness Systematik Prozess- und Qualit\u00e4tssicherung Philosophie \u201eDie Leidenschaft zum Fundraising auf unseren Kunden zu \u00fcbertragen, sie zu bef\u00e4higen strategisch, kreativ, erfolgreich und selbstst\u00e4ndig [&hellip;]<\/p>\n","protected":false},"author":1,"featured_media":0,"parent":0,"menu_order":0,"comment_status":"closed","ping_status":"closed","template":"","meta":{"footnotes":""},"class_list":["post-11017","page","type-page","status-publish","hentry"],"_links":{"self":[{"href":"https:\/\/dunekamp.siverino.ch\/index.php?rest_route=\/wp\/v2\/pages\/11017","targetHints":{"allow":["GET"]}}],"collection":[{"href":"https:\/\/dunekamp.siverino.ch\/index.php?rest_route=\/wp\/v2\/pages"}],"about":[{"href":"https:\/\/dunekamp.siverino.ch\/index.php?rest_route=\/wp\/v2\/types\/page"}],"author":[{"embeddable":true,"href":"https:\/\/dunekamp.siverino.ch\/index.php?rest_route=\/wp\/v2\/users\/1"}],"replies":[{"embeddable":true,"href":"https:\/\/dunekamp.siverino.ch\/index.php?rest_route=%2Fwp%2Fv2%2Fcomments&post=11017"}],"version-history":[{"count":23,"href":"https:\/\/dunekamp.siverino.ch\/index.php?rest_route=\/wp\/v2\/pages\/11017\/revisions"}],"predecessor-version":[{"id":11400,"href":"https:\/\/dunekamp.siverino.ch\/index.php?rest_route=\/wp\/v2\/pages\/11017\/revisions\/11400"}],"wp:attachment":[{"href":"https:\/\/dunekamp.siverino.ch\/index.php?rest_route=%2Fwp%2Fv2%2Fmedia&parent=11017"}],"curies":[{"name":"wp","href":"https:\/\/api.w.org\/{rel}","templated":true}]}}