{"id":11034,"date":"2023-05-03T09:21:53","date_gmt":"2023-05-03T09:21:53","guid":{"rendered":"https:\/\/dunekamp.siverino.ch\/?page_id=11034"},"modified":"2023-05-04T07:03:56","modified_gmt":"2023-05-04T07:03:56","slug":"stiftungsfundraising","status":"publish","type":"page","link":"https:\/\/dunekamp.siverino.ch\/?page_id=11034","title":{"rendered":"Stiftungs Fundraising"},"content":{"rendered":"<h2  > Stiftungsfundraising<\/h2>\n<style>\/*! elementor - v3.12.2 - 23-04-2023 *\/\n.elementor-widget-image{text-align:center}.elementor-widget-image a{display:inline-block}.elementor-widget-image a img[src$=\".svg\"]{width:48px}.elementor-widget-image img{vertical-align:middle;display:inline-block}<\/style>\n<p>\t\t\t\t\t\t\t\t\t\t\t\t<img decoding=\"async\" width=\"60\" height=\"3\" src=\"http:\/\/dunekamp.siverino.ch\/wp-content\/uploads\/2023\/05\/shape-border.png\" alt=\"\" loading=\"lazy\" \/>\t\t\t\t\t\t\t\t\t\t\t\t\t\t\t<\/p>\n<p  > Stiftungen sind Grossspender. Entsprechend relevant ist es f\u00fcr viele Organisationen Gesuche bei F\u00f6rderstiftungen zu platzieren. Der Wettbewerb um die Stiftungsgelder nimmt stetig zu.<\/p>\n<p  > Wir unterst\u00fctzen Sie <\/p>\n<p>bei der Recherche von potenziellen Stiftungen<\/p>\n<p>beim Erstellen eines Projektantrages<\/p>\n<p>bei der Vorakquise<\/p>\n<p>bei der Gesuchstellung<\/p>\n<h2  > Philosophie<br \/>\n<\/h2>\n<p>\t\t\t\t\t\t\t\t\t\t\t\t\t\t\t<img decoding=\"async\" width=\"60\" height=\"3\" src=\"http:\/\/dunekamp.siverino.ch\/wp-content\/uploads\/2023\/05\/shape-border.png\" alt=\"\" loading=\"lazy\" \/>\t\t\t\t\t\t\t\t\t\t\t\t\t\t\t<\/p>\n<h4  > \u201eDie Leidenschaft zum Fundraising auf unseren Kunden zu \u00fcbertragen, sie zu bef\u00e4higen strategisch, kreativ, erfolgreich und selbstst\u00e4ndig ihr Fundraising umzusetzen&#187;<\/h4>\n<p>\t\t\t<a\n\t\t\t\thref=\"https:\/\/dunekamp.siverino.ch\/contact\/\"class=\"elementor-button btn btn-solid btn-icon-shaped btn-has-label\"\t\t\t><br \/>\n\t\t\t\t\t\tKontaktieren Sie Uns<br \/>\n\t\t\t\t\t\t\t\t\t\t\t<\/a><\/p>\n","protected":false},"excerpt":{"rendered":"<p>Stiftungsfundraising Stiftungen sind Grossspender. Entsprechend relevant ist es f\u00fcr viele Organisationen Gesuche bei F\u00f6rderstiftungen zu platzieren. Der Wettbewerb um die Stiftungsgelder nimmt stetig zu. Wir unterst\u00fctzen Sie bei der Recherche von potenziellen Stiftungen beim Erstellen eines Projektantrages bei der Vorakquise bei der Gesuchstellung Philosophie \u201eDie Leidenschaft zum Fundraising auf unseren Kunden zu \u00fcbertragen, sie zu [&hellip;]<\/p>\n","protected":false},"author":1,"featured_media":0,"parent":0,"menu_order":0,"comment_status":"closed","ping_status":"closed","template":"","meta":{"footnotes":""},"class_list":["post-11034","page","type-page","status-publish","hentry"],"_links":{"self":[{"href":"https:\/\/dunekamp.siverino.ch\/index.php?rest_route=\/wp\/v2\/pages\/11034","targetHints":{"allow":["GET"]}}],"collection":[{"href":"https:\/\/dunekamp.siverino.ch\/index.php?rest_route=\/wp\/v2\/pages"}],"about":[{"href":"https:\/\/dunekamp.siverino.ch\/index.php?rest_route=\/wp\/v2\/types\/page"}],"author":[{"embeddable":true,"href":"https:\/\/dunekamp.siverino.ch\/index.php?rest_route=\/wp\/v2\/users\/1"}],"replies":[{"embeddable":true,"href":"https:\/\/dunekamp.siverino.ch\/index.php?rest_route=%2Fwp%2Fv2%2Fcomments&post=11034"}],"version-history":[{"count":19,"href":"https:\/\/dunekamp.siverino.ch\/index.php?rest_route=\/wp\/v2\/pages\/11034\/revisions"}],"predecessor-version":[{"id":11403,"href":"https:\/\/dunekamp.siverino.ch\/index.php?rest_route=\/wp\/v2\/pages\/11034\/revisions\/11403"}],"wp:attachment":[{"href":"https:\/\/dunekamp.siverino.ch\/index.php?rest_route=%2Fwp%2Fv2%2Fmedia&parent=11034"}],"curies":[{"name":"wp","href":"https:\/\/api.w.org\/{rel}","templated":true}]}}