{"id":11047,"date":"2023-05-03T09:28:34","date_gmt":"2023-05-03T09:28:34","guid":{"rendered":"https:\/\/dunekamp.siverino.ch\/?page_id=11047"},"modified":"2023-05-04T07:04:13","modified_gmt":"2023-05-04T07:04:13","slug":"kapitalkampagne","status":"publish","type":"page","link":"https:\/\/dunekamp.siverino.ch\/?page_id=11047","title":{"rendered":"Kapitalkampagne"},"content":{"rendered":"<h2  > Kapitalkampagne<\/h2>\n<style>\/*! elementor - v3.12.2 - 23-04-2023 *\/\n.elementor-widget-image{text-align:center}.elementor-widget-image a{display:inline-block}.elementor-widget-image a img[src$=\".svg\"]{width:48px}.elementor-widget-image img{vertical-align:middle;display:inline-block}<\/style>\n<p>\t\t\t\t\t\t\t\t\t\t\t\t<img decoding=\"async\" width=\"60\" height=\"3\" src=\"http:\/\/dunekamp.siverino.ch\/wp-content\/uploads\/2023\/05\/shape-border.png\" alt=\"\" loading=\"lazy\" \/>\t\t\t\t\t\t\t\t\t\t\t\t\t\t\t<\/p>\n<p  > Eine Kapitalbeschaffungskampagne ist ein strukturiertes Fundraising-Instrument, welches einer Organisation erm\u00f6glicht, einen hohen Geldbetrag f\u00fcr eine einmalige geplante Investition in einem begrenzten Zeitraum zu sammeln.<\/p>\n<p  > Wir stehen Ihnen gerne beratend und unterst\u00fctzend zur Seite: <\/p>\n<p>Machbarkeitsanalyse<\/p>\n<p>Projektorganisation<\/p>\n<p>Massnahmenkatalog<\/p>\n<p>Zeit- und Budgetplanung <\/p>\n<p>Projektbegleitung<\/p>\n<h2  > Philosophie<br \/>\n<\/h2>\n<p>\t\t\t\t\t\t\t\t\t\t\t\t\t\t\t<img decoding=\"async\" width=\"60\" height=\"3\" src=\"http:\/\/dunekamp.siverino.ch\/wp-content\/uploads\/2023\/05\/shape-border.png\" alt=\"\" loading=\"lazy\" \/>\t\t\t\t\t\t\t\t\t\t\t\t\t\t\t<\/p>\n<h4  > \u201eDie Leidenschaft zum Fundraising auf unseren Kunden zu \u00fcbertragen, sie zu bef\u00e4higen strategisch, kreativ, erfolgreich und selbstst\u00e4ndig ihr Fundraising umzusetzen&#187;<\/h4>\n<p>\t\t\t<a\n\t\t\t\thref=\"https:\/\/dunekamp.siverino.ch\/contact\/\"class=\"elementor-button btn btn-solid btn-icon-shaped btn-has-label\"\t\t\t><br \/>\n\t\t\t\t\t\tKontaktieren Sie Uns<br \/>\n\t\t\t\t\t\t\t\t\t\t\t<\/a><\/p>\n","protected":false},"excerpt":{"rendered":"<p>Kapitalkampagne Eine Kapitalbeschaffungskampagne ist ein strukturiertes Fundraising-Instrument, welches einer Organisation erm\u00f6glicht, einen hohen Geldbetrag f\u00fcr eine einmalige geplante Investition in einem begrenzten Zeitraum zu sammeln. Wir stehen Ihnen gerne beratend und unterst\u00fctzend zur Seite: Machbarkeitsanalyse Projektorganisation Massnahmenkatalog Zeit- und Budgetplanung Projektbegleitung Philosophie \u201eDie Leidenschaft zum Fundraising auf unseren Kunden zu \u00fcbertragen, sie zu bef\u00e4higen strategisch, [&hellip;]<\/p>\n","protected":false},"author":1,"featured_media":0,"parent":0,"menu_order":0,"comment_status":"closed","ping_status":"closed","template":"","meta":{"footnotes":""},"class_list":["post-11047","page","type-page","status-publish","hentry"],"_links":{"self":[{"href":"https:\/\/dunekamp.siverino.ch\/index.php?rest_route=\/wp\/v2\/pages\/11047","targetHints":{"allow":["GET"]}}],"collection":[{"href":"https:\/\/dunekamp.siverino.ch\/index.php?rest_route=\/wp\/v2\/pages"}],"about":[{"href":"https:\/\/dunekamp.siverino.ch\/index.php?rest_route=\/wp\/v2\/types\/page"}],"author":[{"embeddable":true,"href":"https:\/\/dunekamp.siverino.ch\/index.php?rest_route=\/wp\/v2\/users\/1"}],"replies":[{"embeddable":true,"href":"https:\/\/dunekamp.siverino.ch\/index.php?rest_route=%2Fwp%2Fv2%2Fcomments&post=11047"}],"version-history":[{"count":22,"href":"https:\/\/dunekamp.siverino.ch\/index.php?rest_route=\/wp\/v2\/pages\/11047\/revisions"}],"predecessor-version":[{"id":11409,"href":"https:\/\/dunekamp.siverino.ch\/index.php?rest_route=\/wp\/v2\/pages\/11047\/revisions\/11409"}],"wp:attachment":[{"href":"https:\/\/dunekamp.siverino.ch\/index.php?rest_route=%2Fwp%2Fv2%2Fmedia&parent=11047"}],"curies":[{"name":"wp","href":"https:\/\/api.w.org\/{rel}","templated":true}]}}