{"id":11063,"date":"2023-05-03T09:34:08","date_gmt":"2023-05-03T09:34:08","guid":{"rendered":"https:\/\/dunekamp.siverino.ch\/?page_id=11063"},"modified":"2023-05-04T07:04:24","modified_gmt":"2023-05-04T07:04:24","slug":"corporate-fundraising","status":"publish","type":"page","link":"https:\/\/dunekamp.siverino.ch\/?page_id=11063","title":{"rendered":"Corporate Fundraising"},"content":{"rendered":"<h2  > Corporate Fundraising<\/h2>\n<style>\/*! elementor - v3.12.2 - 23-04-2023 *\/\n.elementor-widget-image{text-align:center}.elementor-widget-image a{display:inline-block}.elementor-widget-image a img[src$=\".svg\"]{width:48px}.elementor-widget-image img{vertical-align:middle;display:inline-block}<\/style>\n<p>\t\t\t\t\t\t\t\t\t\t\t\t<img decoding=\"async\" width=\"60\" height=\"3\" src=\"http:\/\/dunekamp.siverino.ch\/wp-content\/uploads\/2023\/05\/shape-border.png\" alt=\"\" loading=\"lazy\" \/>\t\t\t\t\t\t\t\t\t\t\t\t\t\t\t<\/p>\n<p  > F\u00fcr viele NPO wird es zunehmend wichtiger Unternehmenskooperationen einzugehen, um damit weitere Einnahmen zu generieren und mit Unternehmen auch gemeinsame Ziele zu erreichen.<\/p>\n<p  > Wir unterst\u00fctzen Sie in<\/p>\n<p>der Entwicklung einer Sponsoringstrategie<\/p>\n<p>der Erstellungen eines Sponsoringkonzeptes<\/p>\n<p>dem Auf- und Ausbau von Partnerschaftskonzepten<\/p>\n<p>der Erstellung eines Leistungsangebot<\/p>\n<p>der Preispolitik<\/p>\n<h2  > Philosophie<br \/>\n<\/h2>\n<p>\t\t\t\t\t\t\t\t\t\t\t\t\t\t\t<img decoding=\"async\" width=\"60\" height=\"3\" src=\"http:\/\/dunekamp.siverino.ch\/wp-content\/uploads\/2023\/05\/shape-border.png\" alt=\"\" loading=\"lazy\" \/>\t\t\t\t\t\t\t\t\t\t\t\t\t\t\t<\/p>\n<h4  > \u201eDie Leidenschaft zum Fundraising auf unseren Kunden zu \u00fcbertragen, sie zu bef\u00e4higen strategisch, kreativ, erfolgreich und selbstst\u00e4ndig ihr Fundraising umzusetzen&#187;<\/h4>\n<p>\t\t\t<a\n\t\t\t\thref=\"https:\/\/dunekamp.siverino.ch\/contact\/\"class=\"elementor-button btn btn-solid btn-icon-shaped btn-has-label\"\t\t\t><br \/>\n\t\t\t\t\t\tKontaktieren Sie Uns<br \/>\n\t\t\t\t\t\t\t\t\t\t\t<\/a><\/p>\n","protected":false},"excerpt":{"rendered":"<p>Corporate Fundraising F\u00fcr viele NPO wird es zunehmend wichtiger Unternehmenskooperationen einzugehen, um damit weitere Einnahmen zu generieren und mit Unternehmen auch gemeinsame Ziele zu erreichen. Wir unterst\u00fctzen Sie in der Entwicklung einer Sponsoringstrategie der Erstellungen eines Sponsoringkonzeptes dem Auf- und Ausbau von Partnerschaftskonzepten der Erstellung eines Leistungsangebot der Preispolitik Philosophie \u201eDie Leidenschaft zum Fundraising auf [&hellip;]<\/p>\n","protected":false},"author":1,"featured_media":0,"parent":0,"menu_order":0,"comment_status":"closed","ping_status":"closed","template":"","meta":{"footnotes":""},"class_list":["post-11063","page","type-page","status-publish","hentry"],"_links":{"self":[{"href":"https:\/\/dunekamp.siverino.ch\/index.php?rest_route=\/wp\/v2\/pages\/11063","targetHints":{"allow":["GET"]}}],"collection":[{"href":"https:\/\/dunekamp.siverino.ch\/index.php?rest_route=\/wp\/v2\/pages"}],"about":[{"href":"https:\/\/dunekamp.siverino.ch\/index.php?rest_route=\/wp\/v2\/types\/page"}],"author":[{"embeddable":true,"href":"https:\/\/dunekamp.siverino.ch\/index.php?rest_route=\/wp\/v2\/users\/1"}],"replies":[{"embeddable":true,"href":"https:\/\/dunekamp.siverino.ch\/index.php?rest_route=%2Fwp%2Fv2%2Fcomments&post=11063"}],"version-history":[{"count":31,"href":"https:\/\/dunekamp.siverino.ch\/index.php?rest_route=\/wp\/v2\/pages\/11063\/revisions"}],"predecessor-version":[{"id":11412,"href":"https:\/\/dunekamp.siverino.ch\/index.php?rest_route=\/wp\/v2\/pages\/11063\/revisions\/11412"}],"wp:attachment":[{"href":"https:\/\/dunekamp.siverino.ch\/index.php?rest_route=%2Fwp%2Fv2%2Fmedia&parent=11063"}],"curies":[{"name":"wp","href":"https:\/\/api.w.org\/{rel}","templated":true}]}}