{"id":11110,"date":"2023-05-03T09:57:58","date_gmt":"2023-05-03T09:57:58","guid":{"rendered":"https:\/\/dunekamp.siverino.ch\/?page_id=11110"},"modified":"2023-05-04T07:12:42","modified_gmt":"2023-05-04T07:12:42","slug":"fundraising-coaching","status":"publish","type":"page","link":"https:\/\/dunekamp.siverino.ch\/?page_id=11110","title":{"rendered":"Fundraising Coaching"},"content":{"rendered":"<h2  > Fundraising Coaching<\/h2>\n<style>\/*! elementor - v3.12.2 - 23-04-2023 *\/\n.elementor-widget-image{text-align:center}.elementor-widget-image a{display:inline-block}.elementor-widget-image a img[src$=\".svg\"]{width:48px}.elementor-widget-image img{vertical-align:middle;display:inline-block}<\/style>\n<p>\t\t\t\t\t\t\t\t\t\t\t\t<img decoding=\"async\" width=\"60\" height=\"3\" src=\"http:\/\/dunekamp.siverino.ch\/wp-content\/uploads\/2023\/05\/shape-border.png\" alt=\"\" loading=\"lazy\" \/>\t\t\t\t\t\t\t\t\t\t\t\t\t\t\t<\/p>\n<p  > Sie m\u00f6chten sich als Einzelperson oder auch als Team weiterentwickeln?<\/p>\n<p  > Sie haben Ihr Team neu organisiert und m\u00f6chten m\u00f6glichst rasch erfolgreich arbeiten?<\/p>\n<p  > Sie sind neuen Herausforderungen auf Organisationsebene ausgesetzt und m\u00f6chten diese Ver\u00e4nderungen mit Ihrem Team annehmen?<\/p>\n<p  > Wir begleiten Sie dabei mit empathischer Vorgehensweise und sympathischer Beratung.<\/p>\n<h2  > Philosophie<br \/>\n<\/h2>\n<p>\t\t\t\t\t\t\t\t\t\t\t\t\t\t\t<img decoding=\"async\" width=\"60\" height=\"3\" src=\"http:\/\/dunekamp.siverino.ch\/wp-content\/uploads\/2023\/05\/shape-border.png\" alt=\"\" loading=\"lazy\" \/>\t\t\t\t\t\t\t\t\t\t\t\t\t\t\t<\/p>\n<h4  > \u201eDie Leidenschaft zum Fundraising auf unseren Kunden zu \u00fcbertragen, sie zu bef\u00e4higen strategisch, kreativ, erfolgreich und selbstst\u00e4ndig ihr Fundraising umzusetzen&#187;<\/h4>\n<p>\t\t\t<a\n\t\t\t\thref=\"https:\/\/dunekamp.siverino.ch\/contact\/\"class=\"elementor-button btn btn-solid btn-icon-shaped btn-has-label\"\t\t\t><br \/>\n\t\t\t\t\t\tKontaktieren Sie Uns<br \/>\n\t\t\t\t\t\t\t\t\t\t\t<\/a><\/p>\n","protected":false},"excerpt":{"rendered":"<p>Fundraising Coaching Sie m\u00f6chten sich als Einzelperson oder auch als Team weiterentwickeln? Sie haben Ihr Team neu organisiert und m\u00f6chten m\u00f6glichst rasch erfolgreich arbeiten? Sie sind neuen Herausforderungen auf Organisationsebene ausgesetzt und m\u00f6chten diese Ver\u00e4nderungen mit Ihrem Team annehmen? Wir begleiten Sie dabei mit empathischer Vorgehensweise und sympathischer Beratung. Philosophie \u201eDie Leidenschaft zum Fundraising auf [&hellip;]<\/p>\n","protected":false},"author":1,"featured_media":0,"parent":0,"menu_order":0,"comment_status":"closed","ping_status":"closed","template":"","meta":{"footnotes":""},"class_list":["post-11110","page","type-page","status-publish","hentry"],"_links":{"self":[{"href":"https:\/\/dunekamp.siverino.ch\/index.php?rest_route=\/wp\/v2\/pages\/11110","targetHints":{"allow":["GET"]}}],"collection":[{"href":"https:\/\/dunekamp.siverino.ch\/index.php?rest_route=\/wp\/v2\/pages"}],"about":[{"href":"https:\/\/dunekamp.siverino.ch\/index.php?rest_route=\/wp\/v2\/types\/page"}],"author":[{"embeddable":true,"href":"https:\/\/dunekamp.siverino.ch\/index.php?rest_route=\/wp\/v2\/users\/1"}],"replies":[{"embeddable":true,"href":"https:\/\/dunekamp.siverino.ch\/index.php?rest_route=%2Fwp%2Fv2%2Fcomments&post=11110"}],"version-history":[{"count":13,"href":"https:\/\/dunekamp.siverino.ch\/index.php?rest_route=\/wp\/v2\/pages\/11110\/revisions"}],"predecessor-version":[{"id":11439,"href":"https:\/\/dunekamp.siverino.ch\/index.php?rest_route=\/wp\/v2\/pages\/11110\/revisions\/11439"}],"wp:attachment":[{"href":"https:\/\/dunekamp.siverino.ch\/index.php?rest_route=%2Fwp%2Fv2%2Fmedia&parent=11110"}],"curies":[{"name":"wp","href":"https:\/\/api.w.org\/{rel}","templated":true}]}}