{"id":11123,"date":"2023-05-03T10:04:24","date_gmt":"2023-05-03T10:04:24","guid":{"rendered":"https:\/\/dunekamp.siverino.ch\/?page_id=11123"},"modified":"2023-05-04T07:05:01","modified_gmt":"2023-05-04T07:05:01","slug":"teamcoaching","status":"publish","type":"page","link":"https:\/\/dunekamp.siverino.ch\/?page_id=11123","title":{"rendered":"Team Coaching"},"content":{"rendered":"<h2  > Team Coaching<\/h2>\n<style>\/*! elementor - v3.12.2 - 23-04-2023 *\/\n.elementor-widget-image{text-align:center}.elementor-widget-image a{display:inline-block}.elementor-widget-image a img[src$=\".svg\"]{width:48px}.elementor-widget-image img{vertical-align:middle;display:inline-block}<\/style>\n<p>\t\t\t\t\t\t\t\t\t\t\t\t<img decoding=\"async\" width=\"60\" height=\"3\" src=\"http:\/\/dunekamp.siverino.ch\/wp-content\/uploads\/2023\/05\/shape-border.png\" alt=\"\" loading=\"lazy\" \/>\t\t\t\t\t\t\t\t\t\t\t\t\t\t\t<\/p>\n<p>Teambildungsprozess<\/p>\n<p>Organisation und Durchf\u00fchrung von Teamtagen<\/p>\n<p>Begleitung von Changeprozessen<\/p>\n<p>Bildung und Optimierung von Teamprozessen und Schnittstellen<\/p>\n<p>\t\t\t\t\t\t\t\t\t\t\t\t\t\t\t<img decoding=\"async\" width=\"437\" height=\"582\" src=\"http:\/\/dunekamp.siverino.ch\/wp-content\/uploads\/2023\/05\/coacing3.png\" alt=\"\" loading=\"lazy\" srcset=\"http:\/\/dunekamp.siverino.ch\/wp-content\/uploads\/2023\/05\/coacing3.png 437w, http:\/\/dunekamp.siverino.ch\/wp-content\/uploads\/2023\/05\/coacing3-225x300.png 225w\" sizes=\"auto, (max-width: 437px) 100vw, 437px\" \/><br \/>\n\t\t\t\t\t\t\t\t\t\t\t\t\t\t\t<img decoding=\"async\" width=\"453\" height=\"604\" src=\"http:\/\/dunekamp.siverino.ch\/wp-content\/uploads\/2023\/05\/coaching.png\" alt=\"\" loading=\"lazy\" srcset=\"http:\/\/dunekamp.siverino.ch\/wp-content\/uploads\/2023\/05\/coaching.png 453w, http:\/\/dunekamp.siverino.ch\/wp-content\/uploads\/2023\/05\/coaching-225x300.png 225w\" sizes=\"auto, (max-width: 453px) 100vw, 453px\" \/><br \/>\n\t\t\t\t\t\t\t\t\t\t\t\t\t\t\t<img decoding=\"async\" width=\"454\" height=\"605\" src=\"http:\/\/dunekamp.siverino.ch\/wp-content\/uploads\/2023\/05\/coaching2.png\" alt=\"\" loading=\"lazy\" srcset=\"http:\/\/dunekamp.siverino.ch\/wp-content\/uploads\/2023\/05\/coaching2.png 454w, http:\/\/dunekamp.siverino.ch\/wp-content\/uploads\/2023\/05\/coaching2-225x300.png 225w\" sizes=\"auto, (max-width: 454px) 100vw, 454px\" \/>\t\t\t\t\t\t\t\t\t\t\t\t\t\t\t<\/p>\n<h2  > Philosophie<br \/>\n<\/h2>\n<p>\t\t\t\t\t\t\t\t\t\t\t\t\t\t\t<img decoding=\"async\" width=\"60\" height=\"3\" src=\"http:\/\/dunekamp.siverino.ch\/wp-content\/uploads\/2023\/05\/shape-border.png\" alt=\"\" loading=\"lazy\" \/>\t\t\t\t\t\t\t\t\t\t\t\t\t\t\t<\/p>\n<h4  > \u201eDie Leidenschaft zum Fundraising auf unseren Kunden zu \u00fcbertragen, sie zu bef\u00e4higen strategisch, kreativ, erfolgreich und selbstst\u00e4ndig ihr Fundraising umzusetzen&#187;<\/h4>\n<p>\t\t\t<a\n\t\t\t\thref=\"https:\/\/dunekamp.siverino.ch\/contact\/\"class=\"elementor-button btn btn-solid btn-icon-shaped btn-has-label\"\t\t\t><br \/>\n\t\t\t\t\t\tKontaktieren Sie Uns<br \/>\n\t\t\t\t\t\t\t\t\t\t\t<\/a><\/p>\n","protected":false},"excerpt":{"rendered":"<p>Team Coaching Teambildungsprozess Organisation und Durchf\u00fchrung von Teamtagen Begleitung von Changeprozessen Bildung und Optimierung von Teamprozessen und Schnittstellen Philosophie \u201eDie Leidenschaft zum Fundraising auf unseren Kunden zu \u00fcbertragen, sie zu bef\u00e4higen strategisch, kreativ, erfolgreich und selbstst\u00e4ndig ihr Fundraising umzusetzen&#187; Kontaktieren Sie Uns<\/p>\n","protected":false},"author":1,"featured_media":0,"parent":0,"menu_order":0,"comment_status":"closed","ping_status":"closed","template":"","meta":{"footnotes":""},"class_list":["post-11123","page","type-page","status-publish","hentry"],"_links":{"self":[{"href":"https:\/\/dunekamp.siverino.ch\/index.php?rest_route=\/wp\/v2\/pages\/11123","targetHints":{"allow":["GET"]}}],"collection":[{"href":"https:\/\/dunekamp.siverino.ch\/index.php?rest_route=\/wp\/v2\/pages"}],"about":[{"href":"https:\/\/dunekamp.siverino.ch\/index.php?rest_route=\/wp\/v2\/types\/page"}],"author":[{"embeddable":true,"href":"https:\/\/dunekamp.siverino.ch\/index.php?rest_route=\/wp\/v2\/users\/1"}],"replies":[{"embeddable":true,"href":"https:\/\/dunekamp.siverino.ch\/index.php?rest_route=%2Fwp%2Fv2%2Fcomments&post=11123"}],"version-history":[{"count":10,"href":"https:\/\/dunekamp.siverino.ch\/index.php?rest_route=\/wp\/v2\/pages\/11123\/revisions"}],"predecessor-version":[{"id":11421,"href":"https:\/\/dunekamp.siverino.ch\/index.php?rest_route=\/wp\/v2\/pages\/11123\/revisions\/11421"}],"wp:attachment":[{"href":"https:\/\/dunekamp.siverino.ch\/index.php?rest_route=%2Fwp%2Fv2%2Fmedia&parent=11123"}],"curies":[{"name":"wp","href":"https:\/\/api.w.org\/{rel}","templated":true}]}}