{"id":11134,"date":"2023-05-03T10:14:55","date_gmt":"2023-05-03T10:14:55","guid":{"rendered":"https:\/\/dunekamp.siverino.ch\/?page_id=11134"},"modified":"2023-05-04T07:05:29","modified_gmt":"2023-05-04T07:05:29","slug":"weiterbildung","status":"publish","type":"page","link":"https:\/\/dunekamp.siverino.ch\/?page_id=11134","title":{"rendered":"Weiterbildung"},"content":{"rendered":"<h2  > Weiterbildung<\/h2>\n<style>\/*! elementor - v3.12.2 - 23-04-2023 *\/\n.elementor-widget-image{text-align:center}.elementor-widget-image a{display:inline-block}.elementor-widget-image a img[src$=\".svg\"]{width:48px}.elementor-widget-image img{vertical-align:middle;display:inline-block}<\/style>\n<p>\t\t\t\t\t\t\t\t\t\t\t\t<img decoding=\"async\" width=\"60\" height=\"3\" src=\"http:\/\/dunekamp.siverino.ch\/wp-content\/uploads\/2023\/05\/shape-border.png\" alt=\"\" loading=\"lazy\" \/>\t\t\t\t\t\t\t\t\t\t\t\t\t\t\t<\/p>\n<p  > Sie suchen die richtige Weiterbildung im Fundraising?<\/p>\n<p  > Als langj\u00e4hrige Dozentin an der ZHAW im Bereich Fundraising und als Mitglied des Expertengremiums, kann ich Sie individuell und auf Ihre berufliche Entwicklung hin beraten und Ihnen die richtige Weiterbildung empfehlen.<\/p>\n<p  > Sie finden an der ZHAW Fundraisingweiterbildungen f\u00fcr Einsteiger, wie f\u00fcr Fortgeschrittene und spezialisierte Fundraiser. Ausserdem bietet Swissfundraising Seminare, ERFA Gruppen und Arbeitsgruppen zu den verschiedenen Spezialgebieten des Fundraisings an.<\/p>\n<h5  > ZHAW Weiterbildungskurs<\/h5>\n<p>Einf\u00fchrung in das Fundraising<\/p>\n<p>\t\t\t\t<a href=\"https:\/\/www.zhaw.ch\/de\/sml\/weiterbildung\/detail\/kurs\/wbk-basics-fundraising-management\/\" target=\"_blank&quot;\" rel=\"nofollow noopener\"><\/a><\/p>\n<p>MAS Fundraising<\/p>\n<p>\t\t\t\t<a href=\"https:\/\/www.zhaw.ch\/de\/sml\/weiterbildung\/detail\/kurs\/mas-fundraising-management\/\" target=\"_blank&quot;\" rel=\"nofollow noopener\"><\/a><\/p>\n<h5  > SWISSFUNDRAISING<\/h5>\n<p> Seminare, ERFA Treffen, Arbeitsgruppen<\/p>\n<p>\t\t\t\t<a href=\"https:\/\/swissfundraising.org\/events-sf\/\" target=\"_blank&quot;\" rel=\"nofollow noopener\"><\/a><\/p>\n<p> Swissfundraisingday<\/p>\n<p>\t\t\t\t<a href=\"https:\/\/swissfundraisingday.ch\/\" target=\"_blank&quot;\" rel=\"nofollow noopener\"><\/a><\/p>\n<h2  > Philosophie<br \/>\n<\/h2>\n<p>\t\t\t\t\t\t\t\t\t\t\t\t\t\t\t<img decoding=\"async\" width=\"60\" height=\"3\" src=\"http:\/\/dunekamp.siverino.ch\/wp-content\/uploads\/2023\/05\/shape-border.png\" alt=\"\" loading=\"lazy\" \/>\t\t\t\t\t\t\t\t\t\t\t\t\t\t\t<\/p>\n<h4  > \u201eDie Leidenschaft zum Fundraising auf unseren Kunden zu \u00fcbertragen, sie zu bef\u00e4higen strategisch, kreativ, erfolgreich und selbstst\u00e4ndig ihr Fundraising umzusetzen&#187;<\/h4>\n<p>\t\t\t<a\n\t\t\t\thref=\"https:\/\/dunekamp.siverino.ch\/contact\/\"class=\"elementor-button btn btn-solid btn-icon-shaped btn-has-label\"\t\t\t><br \/>\n\t\t\t\t\t\tKontaktieren Sie Uns<br \/>\n\t\t\t\t\t\t\t\t\t\t\t<\/a><\/p>\n","protected":false},"excerpt":{"rendered":"<p>Weiterbildung Sie suchen die richtige Weiterbildung im Fundraising? Als langj\u00e4hrige Dozentin an der ZHAW im Bereich Fundraising und als Mitglied des Expertengremiums, kann ich Sie individuell und auf Ihre berufliche Entwicklung hin beraten und Ihnen die richtige Weiterbildung empfehlen. Sie finden an der ZHAW Fundraisingweiterbildungen f\u00fcr Einsteiger, wie f\u00fcr Fortgeschrittene und spezialisierte Fundraiser. Ausserdem bietet [&hellip;]<\/p>\n","protected":false},"author":1,"featured_media":0,"parent":0,"menu_order":0,"comment_status":"closed","ping_status":"closed","template":"","meta":{"footnotes":""},"class_list":["post-11134","page","type-page","status-publish","hentry"],"_links":{"self":[{"href":"https:\/\/dunekamp.siverino.ch\/index.php?rest_route=\/wp\/v2\/pages\/11134","targetHints":{"allow":["GET"]}}],"collection":[{"href":"https:\/\/dunekamp.siverino.ch\/index.php?rest_route=\/wp\/v2\/pages"}],"about":[{"href":"https:\/\/dunekamp.siverino.ch\/index.php?rest_route=\/wp\/v2\/types\/page"}],"author":[{"embeddable":true,"href":"https:\/\/dunekamp.siverino.ch\/index.php?rest_route=\/wp\/v2\/users\/1"}],"replies":[{"embeddable":true,"href":"https:\/\/dunekamp.siverino.ch\/index.php?rest_route=%2Fwp%2Fv2%2Fcomments&post=11134"}],"version-history":[{"count":13,"href":"https:\/\/dunekamp.siverino.ch\/index.php?rest_route=\/wp\/v2\/pages\/11134\/revisions"}],"predecessor-version":[{"id":11427,"href":"https:\/\/dunekamp.siverino.ch\/index.php?rest_route=\/wp\/v2\/pages\/11134\/revisions\/11427"}],"wp:attachment":[{"href":"https:\/\/dunekamp.siverino.ch\/index.php?rest_route=%2Fwp%2Fv2%2Fmedia&parent=11134"}],"curies":[{"name":"wp","href":"https:\/\/api.w.org\/{rel}","templated":true}]}}