{"id":11142,"date":"2023-05-03T10:24:17","date_gmt":"2023-05-03T10:24:17","guid":{"rendered":"https:\/\/dunekamp.siverino.ch\/?page_id=11142"},"modified":"2023-05-04T07:05:17","modified_gmt":"2023-05-04T07:05:17","slug":"agenda","status":"publish","type":"page","link":"https:\/\/dunekamp.siverino.ch\/?page_id=11142","title":{"rendered":"Agenda"},"content":{"rendered":"<h2  > Agenda<\/h2>\n<style>\/*! elementor - v3.12.2 - 23-04-2023 *\/\n.elementor-widget-image{text-align:center}.elementor-widget-image a{display:inline-block}.elementor-widget-image a img[src$=\".svg\"]{width:48px}.elementor-widget-image img{vertical-align:middle;display:inline-block}<\/style>\n<p>\t\t\t\t\t\t\t\t\t\t\t\t<img decoding=\"async\" width=\"60\" height=\"3\" src=\"http:\/\/dunekamp.siverino.ch\/wp-content\/uploads\/2023\/05\/shape-border.png\" alt=\"\" loading=\"lazy\" \/>\t\t\t\t\t\t\t\t\t\t\t\t\t\t\t<\/p>\n<p  > F\u00fcr Weiterbildungen, Seminare und Moderationen stehe ich zur Verf\u00fcgung.<\/p>\n<p  > Themen, wie<\/p>\n<p>Einf\u00fchrung in das Fundraising<\/p>\n<p>\t\t\t\t<a href=\"https:\/\/www.zhaw.ch\/de\/sml\/weiterbildung\/detail\/kurs\/wbk-basics-fundraising-management\/\" target=\"_blank&quot;\" rel=\"nofollow noopener\"><\/a><\/p>\n<p>Fundraisingstrategie als Erfolgsfaktor<\/p>\n<p>\t\t\t\t<a href=\"https:\/\/www.zhaw.ch\/de\/sml\/weiterbildung\/detail\/kurs\/wbk-basics-fundraising-management\/\" target=\"_blank&quot;\" rel=\"nofollow noopener\"><\/a><\/p>\n<p>Organisationsentwicklung<\/p>\n<p>\t\t\t\t<a href=\"https:\/\/www.zhaw.ch\/de\/sml\/weiterbildung\/detail\/kurs\/wbk-basics-fundraising-management\/\" target=\"_blank&quot;\" rel=\"nofollow noopener\"><\/a><\/p>\n<p>Stiftungsfundraising<\/p>\n<p>\t\t\t\t<a href=\"https:\/\/www.zhaw.ch\/de\/sml\/weiterbildung\/detail\/kurs\/wbk-basics-fundraising-management\/\" target=\"_blank&quot;\" rel=\"nofollow noopener\"><\/a><\/p>\n<p>Unternehmenskooperationen<\/p>\n<p>\t\t\t\t<a href=\"https:\/\/www.zhaw.ch\/de\/sml\/weiterbildung\/detail\/kurs\/wbk-basics-fundraising-management\/\" target=\"_blank&quot;\" rel=\"nofollow noopener\"><\/a><\/p>\n<p>Major Donor Fundraising<\/p>\n<p>\t\t\t\t<a href=\"https:\/\/www.zhaw.ch\/de\/sml\/weiterbildung\/detail\/kurs\/wbk-basics-fundraising-management\/\" target=\"_blank&quot;\" rel=\"nofollow noopener\"><\/a><\/p>\n<p>Markenbildung und Positionierung<\/p>\n<p>\t\t\t\t<a href=\"https:\/\/www.zhaw.ch\/de\/sml\/weiterbildung\/detail\/kurs\/wbk-basics-fundraising-management\/\" target=\"_blank&quot;\" rel=\"nofollow noopener\"><\/a><\/p>\n<p  > geh\u00f6ren zu meinen Spezialgebieten.<\/p>\n<figure>\n\t\t\t\t\t<img width=\"768\" height=\"887\" src=\"http:\/\/dunekamp.siverino.ch\/wp-content\/uploads\/2023\/05\/Dunekamp-Web-8712-220429-e1658297481617-768x887-1.jpg\" alt=\"\" decoding=\"async\" loading=\"lazy\" srcset=\"http:\/\/dunekamp.siverino.ch\/wp-content\/uploads\/2023\/05\/Dunekamp-Web-8712-220429-e1658297481617-768x887-1.jpg 768w, http:\/\/dunekamp.siverino.ch\/wp-content\/uploads\/2023\/05\/Dunekamp-Web-8712-220429-e1658297481617-768x887-1-260x300.jpg 260w\" sizes=\"auto, (max-width: 768px) 100vw, 768px\" \/>\t\t\t\t\t\t\t\t\t\t\t\t\t\t\t\t\t\t\t\t\t\t\t\t\t\t\t\t\t<\/figure>\n<p  > Termine der n\u00e4chsten Weiterbildungen, Seminare und Kongresse <\/p>\n<h2  > Weiterbildungen <\/h2>\n<p>\t\t\t\t\t\t\t\t\t\t\t\t\t\t\t<img decoding=\"async\" width=\"60\" height=\"3\" src=\"http:\/\/dunekamp.siverino.ch\/wp-content\/uploads\/2023\/05\/shape-border.png\" alt=\"\" loading=\"lazy\" \/>\t\t\t\t\t\t\t\t\t\t\t\t\t\t\t<\/p>\n<p  > Swissfundraising-Seminar<br \/>\n\u00abMajor Donor Fundraising \u2013 mehr als nur Gl\u00fcck\u00bb<br \/>\n<br \/>(Leitung Felizitas Dunekamp)<\/p>\n<p  > 18. April 2023<\/p>\n<h4  > Swissfundraising<\/h4>\n<p  > Weiterbildungskurs Fundraising ZHAW<br \/>\n\u00abBasics in Fundraising Management\u00bb<br \/>\n(Leitung Felizitas Dunekamp)<\/p>\n<h4  > ZHAW<\/h4>\n<p  > 13. \u2013 14. April  2023<\/p>\n<p  > 26. \u2013 27. Oktober 2023<\/p>\n<h2  > Kongresse \/ Tagungen<\/h2>\n<p>\t\t\t\t\t\t\t\t\t\t\t\t\t\t\t<img decoding=\"async\" width=\"60\" height=\"3\" src=\"http:\/\/dunekamp.siverino.ch\/wp-content\/uploads\/2023\/05\/shape-border.png\" alt=\"\" loading=\"lazy\" \/>\t\t\t\t\t\t\t\t\t\t\t\t\t\t\t<\/p>\n<p  > SwissFundraisingDay 2023<br \/>\n(Moderation: Felizitas Dunekamp)<\/p>\n<p  > 18. April 2023<\/p>\n<h4  > Swissfundraisingday<\/h4>\n<p  > 15. Juni 2023<\/p>\n<h2  > Philosophie<br \/>\n<\/h2>\n<p>\t\t\t\t\t\t\t\t\t\t\t\t\t\t\t<img decoding=\"async\" width=\"60\" height=\"3\" src=\"http:\/\/dunekamp.siverino.ch\/wp-content\/uploads\/2023\/05\/shape-border.png\" alt=\"\" loading=\"lazy\" \/>\t\t\t\t\t\t\t\t\t\t\t\t\t\t\t<\/p>\n<h4  > \u201eDie Leidenschaft zum Fundraising auf unseren Kunden zu \u00fcbertragen, sie zu bef\u00e4higen strategisch, kreativ, erfolgreich und selbstst\u00e4ndig ihr Fundraising umzusetzen&#187;<\/h4>\n<p>\t\t\t<a\n\t\t\t\thref=\"https:\/\/dunekamp.siverino.ch\/contact\/\"class=\"elementor-button btn btn-solid btn-icon-shaped btn-has-label\"\t\t\t><br \/>\n\t\t\t\t\t\tKontaktieren Sie Uns<br \/>\n\t\t\t\t\t\t\t\t\t\t\t<\/a><\/p>\n","protected":false},"excerpt":{"rendered":"<p>Agenda F\u00fcr Weiterbildungen, Seminare und Moderationen stehe ich zur Verf\u00fcgung. Themen, wie Einf\u00fchrung in das Fundraising Fundraisingstrategie als Erfolgsfaktor Organisationsentwicklung Stiftungsfundraising Unternehmenskooperationen Major Donor Fundraising Markenbildung und Positionierung geh\u00f6ren zu meinen Spezialgebieten. Termine der n\u00e4chsten Weiterbildungen, Seminare und Kongresse Weiterbildungen Swissfundraising-Seminar \u00abMajor Donor Fundraising \u2013 mehr als nur Gl\u00fcck\u00bb (Leitung Felizitas Dunekamp) 18. April 2023 [&hellip;]<\/p>\n","protected":false},"author":1,"featured_media":0,"parent":0,"menu_order":0,"comment_status":"closed","ping_status":"closed","template":"","meta":{"footnotes":""},"class_list":["post-11142","page","type-page","status-publish","hentry"],"_links":{"self":[{"href":"https:\/\/dunekamp.siverino.ch\/index.php?rest_route=\/wp\/v2\/pages\/11142","targetHints":{"allow":["GET"]}}],"collection":[{"href":"https:\/\/dunekamp.siverino.ch\/index.php?rest_route=\/wp\/v2\/pages"}],"about":[{"href":"https:\/\/dunekamp.siverino.ch\/index.php?rest_route=\/wp\/v2\/types\/page"}],"author":[{"embeddable":true,"href":"https:\/\/dunekamp.siverino.ch\/index.php?rest_route=\/wp\/v2\/users\/1"}],"replies":[{"embeddable":true,"href":"https:\/\/dunekamp.siverino.ch\/index.php?rest_route=%2Fwp%2Fv2%2Fcomments&post=11142"}],"version-history":[{"count":13,"href":"https:\/\/dunekamp.siverino.ch\/index.php?rest_route=\/wp\/v2\/pages\/11142\/revisions"}],"predecessor-version":[{"id":11424,"href":"https:\/\/dunekamp.siverino.ch\/index.php?rest_route=\/wp\/v2\/pages\/11142\/revisions\/11424"}],"wp:attachment":[{"href":"https:\/\/dunekamp.siverino.ch\/index.php?rest_route=%2Fwp%2Fv2%2Fmedia&parent=11142"}],"curies":[{"name":"wp","href":"https:\/\/api.w.org\/{rel}","templated":true}]}}