{"id":11154,"date":"2023-05-03T10:46:21","date_gmt":"2023-05-03T10:46:21","guid":{"rendered":"https:\/\/dunekamp.siverino.ch\/?page_id=11154"},"modified":"2024-04-17T13:37:55","modified_gmt":"2024-04-17T13:37:55","slug":"uber-uns","status":"publish","type":"page","link":"https:\/\/dunekamp.siverino.ch\/?page_id=11154","title":{"rendered":"\u00dcber uns"},"content":{"rendered":"<h2  > Ein Team mit Herz und Leidenschaft<\/h2>\n<style>\/*! elementor - v3.21.0 - 15-04-2024 *\/\n.elementor-widget-image{text-align:center}.elementor-widget-image a{display:inline-block}.elementor-widget-image a img[src$=\".svg\"]{width:48px}.elementor-widget-image img{vertical-align:middle;display:inline-block}<\/style>\n<p>\t\t\t\t\t\t\t\t\t\t<img decoding=\"async\" width=\"60\" height=\"3\" src=\"http:\/\/dunekamp.siverino.ch\/wp-content\/uploads\/2023\/05\/shape-border.png\" alt=\"\" \/>\t\t\t\t\t\t\t\t\t\t\t\t\t<\/p>\n<h3  > Felizitas Dunekamp<br \/>\nCEO und Inhaberin Agentur <\/h3>\n<p  > Seit fast 20 Jahren arbeite ich im Fundraising. Jeden Tag bringe ich mein Wissen mit Herz und Leidenschaft f\u00fcr NPO\u2019s ein. Es ist mir ein grosses Anliegen, den Beruf der Fundraiserin und des Fundraisers zu etablieren und bekannter zu machen.<\/p>\n<p  > 14 Jahre verantwortete ich als Mitglied der Gesch\u00e4ftsleitung das Spendenmarketing der Krebsliga und Krebsforschung Schweiz. 2015 gr\u00fcndete ich die Fundraising Agentur DUNEKAMP GMBH. Ich berate unsere Kunden in allen Bereichen des Fundraising und auch in der Organisationsentwicklung. Ich darf mit Stolz sagen, dass wir einige NPO auf einem erfolgreichen Fundraisingweg begleiten durften und d\u00fcrfen. <\/p>\n<figure>\n\t\t\t\t\t<img width=\"960\" height=\"360\" src=\"http:\/\/dunekamp.siverino.ch\/wp-content\/uploads\/2023\/05\/Team_Dunekamp.jpg\" alt=\"\" decoding=\"async\" srcset=\"https:\/\/dunekamp.siverino.ch\/wp-content\/uploads\/2023\/05\/Team_Dunekamp.jpg 960w, https:\/\/dunekamp.siverino.ch\/wp-content\/uploads\/2023\/05\/Team_Dunekamp-300x113.jpg 300w\" sizes=\"(max-width: 960px) 100vw, 960px\" \/>\t\t\t\t\t\t\t\t\t\t\t\t\t\t\t\t\t\t\t\t\t\t\t\t\t\t\t\t\t<\/figure>\n<p  > Seit 2005 lehre ich an der ZHAW im Bereich Fundraising und motiviere Menschen den Beruf zu ergreifen, sich zu professionalisieren und ihre Fundraisingkarriere zu gestalten. Als Vorstandsmitglied und jetzt Vizepr\u00e4sidentin von Swissfundraising ist es mir ein Anliegen, dass jede Fundraiserin und jeder Fundraiser das richtige Angebot im Verband findet. <\/p>\n<p  > Mein Herz schl\u00e4gt f\u00fcr das Fundraising und den Beruf als Fundraiserin! <\/p>\n<h3  > Ausbildungen<\/h3>\n<p>\t\t\t\t\t\t\t\t\t\t\t\t\t<img decoding=\"async\" width=\"60\" height=\"3\" src=\"http:\/\/dunekamp.siverino.ch\/wp-content\/uploads\/2023\/05\/shape-border.png\" alt=\"\" \/>\t\t\t\t\t\t\t\t\t\t\t\t\t<\/p>\n<p>DAS Fundraising Management<\/p>\n<p>CAS Organisationsentwicklung und Changemanagement<\/p>\n<p>CEPS Stiftungsmanagement<\/p>\n<p>Eidg. dipl. Verkaufsleiterin<\/p>\n<style>\/*! elementor - v3.21.0 - 15-04-2024 *\/\n.elementor-widget-divider{--divider-border-style:none;--divider-border-width:1px;--divider-color:#0c0d0e;--divider-icon-size:20px;--divider-element-spacing:10px;--divider-pattern-height:24px;--divider-pattern-size:20px;--divider-pattern-url:none;--divider-pattern-repeat:repeat-x}.elementor-widget-divider .elementor-divider{display:flex}.elementor-widget-divider .elementor-divider__text{font-size:15px;line-height:1;max-width:95%}.elementor-widget-divider .elementor-divider__element{margin:0 var(--divider-element-spacing);flex-shrink:0}.elementor-widget-divider .elementor-icon{font-size:var(--divider-icon-size)}.elementor-widget-divider .elementor-divider-separator{display:flex;margin:0;direction:ltr}.elementor-widget-divider--view-line_icon .elementor-divider-separator,.elementor-widget-divider--view-line_text .elementor-divider-separator{align-items:center}.elementor-widget-divider--view-line_icon .elementor-divider-separator:after,.elementor-widget-divider--view-line_icon .elementor-divider-separator:before,.elementor-widget-divider--view-line_text .elementor-divider-separator:after,.elementor-widget-divider--view-line_text .elementor-divider-separator:before{display:block;content:\"\";border-block-end:0;flex-grow:1;border-block-start:var(--divider-border-width) var(--divider-border-style) var(--divider-color)}.elementor-widget-divider--element-align-left .elementor-divider .elementor-divider-separator>.elementor-divider__svg:first-of-type{flex-grow:0;flex-shrink:100}.elementor-widget-divider--element-align-left .elementor-divider-separator:before{content:none}.elementor-widget-divider--element-align-left .elementor-divider__element{margin-left:0}.elementor-widget-divider--element-align-right .elementor-divider .elementor-divider-separator>.elementor-divider__svg:last-of-type{flex-grow:0;flex-shrink:100}.elementor-widget-divider--element-align-right .elementor-divider-separator:after{content:none}.elementor-widget-divider--element-align-right .elementor-divider__element{margin-right:0}.elementor-widget-divider--element-align-start .elementor-divider .elementor-divider-separator>.elementor-divider__svg:first-of-type{flex-grow:0;flex-shrink:100}.elementor-widget-divider--element-align-start .elementor-divider-separator:before{content:none}.elementor-widget-divider--element-align-start .elementor-divider__element{margin-inline-start:0}.elementor-widget-divider--element-align-end .elementor-divider .elementor-divider-separator>.elementor-divider__svg:last-of-type{flex-grow:0;flex-shrink:100}.elementor-widget-divider--element-align-end .elementor-divider-separator:after{content:none}.elementor-widget-divider--element-align-end .elementor-divider__element{margin-inline-end:0}.elementor-widget-divider:not(.elementor-widget-divider--view-line_text):not(.elementor-widget-divider--view-line_icon) .elementor-divider-separator{border-block-start:var(--divider-border-width) var(--divider-border-style) var(--divider-color)}.elementor-widget-divider--separator-type-pattern{--divider-border-style:none}.elementor-widget-divider--separator-type-pattern.elementor-widget-divider--view-line .elementor-divider-separator,.elementor-widget-divider--separator-type-pattern:not(.elementor-widget-divider--view-line) .elementor-divider-separator:after,.elementor-widget-divider--separator-type-pattern:not(.elementor-widget-divider--view-line) .elementor-divider-separator:before,.elementor-widget-divider--separator-type-pattern:not([class*=elementor-widget-divider--view]) .elementor-divider-separator{width:100%;min-height:var(--divider-pattern-height);-webkit-mask-size:var(--divider-pattern-size) 100%;mask-size:var(--divider-pattern-size) 100%;-webkit-mask-repeat:var(--divider-pattern-repeat);mask-repeat:var(--divider-pattern-repeat);background-color:var(--divider-color);-webkit-mask-image:var(--divider-pattern-url);mask-image:var(--divider-pattern-url)}.elementor-widget-divider--no-spacing{--divider-pattern-size:auto}.elementor-widget-divider--bg-round{--divider-pattern-repeat:round}.rtl .elementor-widget-divider .elementor-divider__text{direction:rtl}.e-con-inner>.elementor-widget-divider,.e-con>.elementor-widget-divider{width:var(--container-widget-width,100%);--flex-grow:var(--container-widget-flex-grow)}<\/style>\n<h3  > Frida Wechsler \u2013 van Wermeskerken<br \/>\nMajor Donor Consultant<\/h3>\n<p>\t\t\t\t\t\t\t\t\t\t\t\t\t<img decoding=\"async\" width=\"60\" height=\"3\" src=\"http:\/\/dunekamp.siverino.ch\/wp-content\/uploads\/2023\/05\/shape-border.png\" alt=\"\" \/>\t\t\t\t\t\t\t\t\t\t\t\t\t<\/p>\n<p  > Der Reiz am Fundraising f\u00fcr mich ist die Vernetzung von unterst\u00fctzungsw\u00fcrdigen Projekten und interessierten Spendern. Inspiriert werde ich durch Begegnungen mit Menschen mit unterschiedlichen Hintergr\u00fcnden und Lebenserfahrung. Ich suche stets die zielgerichtete und partnerschaftliche Zusammenarbeit um Projekte erfolgreich und nachhaltig umsetzen zu k\u00f6nnen.    <\/p>\n<h3  > Berufserfahrung          <\/h3>\n<p>\t\t\t\t\t\t\t\t\t\t\t\t\t<img decoding=\"async\" width=\"60\" height=\"3\" src=\"http:\/\/dunekamp.siverino.ch\/wp-content\/uploads\/2023\/05\/shape-border.png\" alt=\"\" \/>\t\t\t\t\t\t\t\t\t\t\t\t\t<\/p>\n<p>seit 1. Oktober 2016 Fundraisingberaterin bei DUNEKAMP   <\/p>\n<p>bis 2015 Leiterin Major Donor Fundraising der Krebsliga und Krebsforschung Schweiz        <\/p>\n<p>mehr als 20 Jahre Fundraising-Erfahrung, vorwiegend im Major Donor -Fundraising, Kompetenzen entwickelt und erfolgreich eingesetzt bei namhaften nationalen und internationalen Organisationen in der Entwicklungszusammenarbeit (UNICEF) , im Bereich Kultur (Historisches Museum Bern)<\/p>\n<h3  > Ausbildungen  <\/h3>\n<p>\t\t\t\t\t\t\t\t\t\t\t\t\t<img decoding=\"async\" width=\"60\" height=\"3\" src=\"http:\/\/dunekamp.siverino.ch\/wp-content\/uploads\/2023\/05\/shape-border.png\" alt=\"\" \/>\t\t\t\t\t\t\t\t\t\t\t\t\t<\/p>\n<p>Weiterbildungen im Bereich Fundraising und Major Donor Fundraising<\/p>\n<p>Intensiv-Lehrgang Stiftungsmanagement, CEPS, Basel  <\/p>\n<p>Universit\u00e4tsabschluss Arabistik und Betriebswirtschaft, Universit\u00e4t Leiden\/NL  <\/p>\n<h3  > Simone Bichsel<br \/>\nFundraising Consultant<\/h3>\n<p>\t\t\t\t\t\t\t\t\t\t\t\t\t<img decoding=\"async\" width=\"60\" height=\"3\" src=\"http:\/\/dunekamp.siverino.ch\/wp-content\/uploads\/2023\/05\/shape-border.png\" alt=\"\" \/>\t\t\t\t\t\t\t\t\t\t\t\t\t<\/p>\n<p  > Das menschliche Miteinander sowie die sinnvolle T\u00e4tigkeit machen f\u00fcr mich die Arbeit als Fundraiserin zu etwas Besonderem.<br \/>\nIch bin stolz, etwas dazu beitragen zu k\u00f6nnen, dass Menschen gl\u00fccklich werden \u2013 Menschen, die von den Projekten etwas haben und Menschen, die als Geber ihr Geld sinnvoll einsetzen k\u00f6nnen.<\/p>\n<p  > Dank meiner 15j\u00e4hrigen Berufserfahrung im Fundraising werde ich mit grosser Freude unsere Kunden bei der erfolgreichen Durchf\u00fchrung der Projekte unterst\u00fctzen k\u00f6nnen.<\/p>\n<h3  > Berufserfahrung<\/h3>\n<p>\t\t\t\t\t\t\t\t\t\t\t\t\t<img decoding=\"async\" width=\"60\" height=\"3\" src=\"http:\/\/dunekamp.siverino.ch\/wp-content\/uploads\/2023\/05\/shape-border.png\" alt=\"\" \/>\t\t\t\t\t\t\t\t\t\t\t\t\t<\/p>\n<p>seit 1. Juni 2018 Fundraisingberaterin bei DUNEKAMP GmbH<\/p>\n<p>mehrere Jahre Erfahrung in der Umsetzung verschiedener Fundraisingmassnahmen bei der Krebsliga und Krebsforschung Schweiz \u2013 mit Schwerpunkt Major Donor Fundraising, Aufbau Stiftungsfundraising und Einf\u00fchrung neue CRM-Datenbank<\/p>\n<p>2008 \u2013 2010 Projektleiterin verschiedener Anl\u00e4sse Swiss Economic Forum\n<\/p>\n<h3  > James Guyot<br \/>\nFundraising Consultant<\/h3>\n<p>\t\t\t\t\t\t\t\t\t\t\t\t\t<img decoding=\"async\" width=\"60\" height=\"3\" src=\"http:\/\/dunekamp.siverino.ch\/wp-content\/uploads\/2023\/05\/shape-border.png\" alt=\"\" \/>\t\t\t\t\t\t\t\t\t\t\t\t\t<\/p>\n<p  > Passer ensemble du projet \u00e0 la r\u00e9alit\u00e9.<br \/>\nLe fundraising, c\u2019est comprendre des probl\u00e8mes complexes et s\u2019enthousiasmer pour une solution, rencontrer des personnes passionnantes et trouver les mots pour convaincre. Suisse romand, j\u2019ai la chance depuis 2007 de vivre ou travailler \u00e0 Zurich, Schaffhouse, Berne, Gen\u00e8ve et B\u00e2le.<\/p>\n<h3  > Exp\u00e9riences professionnelles<\/h3>\n<p>\t\t\t\t\t\t\t\t\t\t\t\t\t<img decoding=\"async\" width=\"60\" height=\"3\" src=\"http:\/\/dunekamp.siverino.ch\/wp-content\/uploads\/2023\/05\/shape-border.png\" alt=\"\" \/>\t\t\t\t\t\t\t\t\t\t\t\t\t<\/p>\n<p>Consultant chez DUNEKAMP S\u00e0rl depuis 2017<\/p>\n<p>Fundraiser depuis 2015<\/p>\n<p>Langues de travail : fran\u00e7ais, anglais et Allemand<\/p>\n<p>10 ann\u00e9es dans l\u2019\u00e9conomie priv\u00e9e \u00e0 coop\u00e9rer avec des comptes cl\u00e9s nationaux ou internationaux.<\/p>\n<h3  > Formation<\/h3>\n<p>\t\t\t\t\t\t\t\t\t\t\t\t\t<img decoding=\"async\" width=\"60\" height=\"3\" src=\"http:\/\/dunekamp.siverino.ch\/wp-content\/uploads\/2023\/05\/shape-border.png\" alt=\"\" \/>\t\t\t\t\t\t\t\t\t\t\t\t\t<\/p>\n<p>DAS Fundraising Management, ZHAW<\/p>\n<p>CAS R\u00e9daction strat\u00e9gique en communication, HEG-FR<\/p>\n<p>Licences \u00e8s Sciences politiques et Sociologie, UNIGE<\/p>\n<h3  > Isabella Bianchi<\/h3>\n<p>\t\t\t\t\t\t\t\t\t\t\t\t\t<img decoding=\"async\" width=\"60\" height=\"3\" src=\"http:\/\/dunekamp.siverino.ch\/wp-content\/uploads\/2023\/05\/shape-border.png\" alt=\"\" \/>\t\t\t\t\t\t\t\t\t\t\t\t\t<\/p>\n<p  > Meine Erfahrung als Gesch\u00e4ftsleiterin und in der Administration bringe ich in die Agentur mit und unterst\u00fctze damit das Team und unsere Kunden in der Umsetzung erfolgreicher Fundraisingmassnahmen.<\/p>\n<p  > Ausbildungen<\/p>\n<p>WBK Fundraising ZHAW<\/p>\n<p>Marketingplanerin SAWI<\/p>\n<p>Handelsschule<\/p>\n<p  > Berufserfahrung<\/p>\n<p>seit 1. April 2022 Agentur DUNEKAMP GMBH<\/p>\n<p>Administration Golfclub Emmental\/Oberburg<\/p>\n<p>Gesch\u00e4ftsinhaberin Grosshandel Kosmetik<\/p>\n<p>\t\t\t\t\t\t\t\t\t\t\t\t\t<img decoding=\"async\" width=\"160\" height=\"170\" src=\"http:\/\/dunekamp.siverino.ch\/wp-content\/uploads\/2023\/05\/dunekamp_portrait_hires-11_40-160x170-1.jpg\" alt=\"\" \/>\t\t\t\t\t\t\t\t\t\t\t\t\t<\/p>\n<h5  >\nSimone Bichsel<\/h5>\n<h6  >\nFundraising Consultant<\/h6>\n<style>\/*! elementor - v3.21.0 - 15-04-2024 *\/\n.elementor-widget-social-icons.elementor-grid-0 .elementor-widget-container,.elementor-widget-social-icons.elementor-grid-mobile-0 .elementor-widget-container,.elementor-widget-social-icons.elementor-grid-tablet-0 .elementor-widget-container{line-height:1;font-size:0}.elementor-widget-social-icons:not(.elementor-grid-0):not(.elementor-grid-tablet-0):not(.elementor-grid-mobile-0) .elementor-grid{display:inline-grid}.elementor-widget-social-icons .elementor-grid{grid-column-gap:var(--grid-column-gap,5px);grid-row-gap:var(--grid-row-gap,5px);grid-template-columns:var(--grid-template-columns);justify-content:var(--justify-content,center);justify-items:var(--justify-content,center)}.elementor-icon.elementor-social-icon{font-size:var(--icon-size,25px);line-height:var(--icon-size,25px);width:calc(var(--icon-size, 25px) + 2 * var(--icon-padding, .5em));height:calc(var(--icon-size, 25px) + 2 * var(--icon-padding, .5em))}.elementor-social-icon{--e-social-icon-icon-color:#fff;display:inline-flex;background-color:#69727d;align-items:center;justify-content:center;text-align:center;cursor:pointer}.elementor-social-icon i{color:var(--e-social-icon-icon-color)}.elementor-social-icon svg{fill:var(--e-social-icon-icon-color)}.elementor-social-icon:last-child{margin:0}.elementor-social-icon:hover{opacity:.9;color:#fff}.elementor-social-icon-android{background-color:#a4c639}.elementor-social-icon-apple{background-color:#999}.elementor-social-icon-behance{background-color:#1769ff}.elementor-social-icon-bitbucket{background-color:#205081}.elementor-social-icon-codepen{background-color:#000}.elementor-social-icon-delicious{background-color:#39f}.elementor-social-icon-deviantart{background-color:#05cc47}.elementor-social-icon-digg{background-color:#005be2}.elementor-social-icon-dribbble{background-color:#ea4c89}.elementor-social-icon-elementor{background-color:#d30c5c}.elementor-social-icon-envelope{background-color:#ea4335}.elementor-social-icon-facebook,.elementor-social-icon-facebook-f{background-color:#3b5998}.elementor-social-icon-flickr{background-color:#0063dc}.elementor-social-icon-foursquare{background-color:#2d5be3}.elementor-social-icon-free-code-camp,.elementor-social-icon-freecodecamp{background-color:#006400}.elementor-social-icon-github{background-color:#333}.elementor-social-icon-gitlab{background-color:#e24329}.elementor-social-icon-globe{background-color:#69727d}.elementor-social-icon-google-plus,.elementor-social-icon-google-plus-g{background-color:#dd4b39}.elementor-social-icon-houzz{background-color:#7ac142}.elementor-social-icon-instagram{background-color:#262626}.elementor-social-icon-jsfiddle{background-color:#487aa2}.elementor-social-icon-link{background-color:#818a91}.elementor-social-icon-linkedin,.elementor-social-icon-linkedin-in{background-color:#0077b5}.elementor-social-icon-medium{background-color:#00ab6b}.elementor-social-icon-meetup{background-color:#ec1c40}.elementor-social-icon-mixcloud{background-color:#273a4b}.elementor-social-icon-odnoklassniki{background-color:#f4731c}.elementor-social-icon-pinterest{background-color:#bd081c}.elementor-social-icon-product-hunt{background-color:#da552f}.elementor-social-icon-reddit{background-color:#ff4500}.elementor-social-icon-rss{background-color:#f26522}.elementor-social-icon-shopping-cart{background-color:#4caf50}.elementor-social-icon-skype{background-color:#00aff0}.elementor-social-icon-slideshare{background-color:#0077b5}.elementor-social-icon-snapchat{background-color:#fffc00}.elementor-social-icon-soundcloud{background-color:#f80}.elementor-social-icon-spotify{background-color:#2ebd59}.elementor-social-icon-stack-overflow{background-color:#fe7a15}.elementor-social-icon-steam{background-color:#00adee}.elementor-social-icon-stumbleupon{background-color:#eb4924}.elementor-social-icon-telegram{background-color:#2ca5e0}.elementor-social-icon-threads{background-color:#000}.elementor-social-icon-thumb-tack{background-color:#1aa1d8}.elementor-social-icon-tripadvisor{background-color:#589442}.elementor-social-icon-tumblr{background-color:#35465c}.elementor-social-icon-twitch{background-color:#6441a5}.elementor-social-icon-twitter{background-color:#1da1f2}.elementor-social-icon-viber{background-color:#665cac}.elementor-social-icon-vimeo{background-color:#1ab7ea}.elementor-social-icon-vk{background-color:#45668e}.elementor-social-icon-weibo{background-color:#dd2430}.elementor-social-icon-weixin{background-color:#31a918}.elementor-social-icon-whatsapp{background-color:#25d366}.elementor-social-icon-wordpress{background-color:#21759b}.elementor-social-icon-x-twitter{background-color:#000}.elementor-social-icon-xing{background-color:#026466}.elementor-social-icon-yelp{background-color:#af0606}.elementor-social-icon-youtube{background-color:#cd201f}.elementor-social-icon-500px{background-color:#0099e5}.elementor-shape-rounded .elementor-icon.elementor-social-icon{border-radius:10%}.elementor-shape-circle .elementor-icon.elementor-social-icon{border-radius:50%}<\/style>\n<p>\t\t\t\t\t<a target=\"_blank\" rel=\"noopener\"><br \/>\n\t\t\t\t\t\tFacebook<br \/>\n\t\t\t\t\t\t\t\t\t\t\t<\/a><br \/>\n\t\t\t\t\t<a target=\"_blank\" rel=\"noopener\"><br \/>\n\t\t\t\t\t\tTwitter<br \/>\n\t\t\t\t\t\t\t\t\t\t\t<\/a><br \/>\n\t\t\t\t\t<a target=\"_blank\" rel=\"noopener\"><br \/>\n\t\t\t\t\t\tLinkedin<br \/>\n\t\t\t\t\t\t\t\t\t\t\t<\/a><br \/>\n\t\t\t\t\t\t\t\t\t\t\t\t\t<img decoding=\"async\" width=\"160\" height=\"170\" src=\"http:\/\/dunekamp.siverino.ch\/wp-content\/uploads\/2023\/05\/dunekamp_portrait_hires-28_40-160x170-1.jpg\" alt=\"\" \/>\t\t\t\t\t\t\t\t\t\t\t\t\t<\/p>\n<h5  >\nFelizitas Dunekamp<\/h5>\n<h6  >\nGesch\u00e4ftsf\u00fchrerin der Dunekamp GmbH<\/h6>\n<p>\t\t\t\t\t<a target=\"_blank\" rel=\"noopener\"><br \/>\n\t\t\t\t\t\tFacebook<br \/>\n\t\t\t\t\t\t\t\t\t\t\t<\/a><br \/>\n\t\t\t\t\t<a target=\"_blank\" rel=\"noopener\"><br \/>\n\t\t\t\t\t\tTwitter<br \/>\n\t\t\t\t\t\t\t\t\t\t\t<\/a><br \/>\n\t\t\t\t\t<a href=\"https:\/\/www.linkedin.com\/in\/felizitas-dunekamp-4148652b\/\" target=\"_blank\" rel=\"noopener\"><br \/>\n\t\t\t\t\t\tLinkedin<br \/>\n\t\t\t\t\t\t\t\t\t\t\t<\/a><br \/>\n\t\t\t\t\t\t\t\t\t\t\t\t\t<img decoding=\"async\" width=\"160\" height=\"170\" src=\"http:\/\/dunekamp.siverino.ch\/wp-content\/uploads\/2023\/05\/dunekamp_portrait_hires-37_40-1-160x170-1.jpg\" alt=\"\" \/>\t\t\t\t\t\t\t\t\t\t\t\t\t<\/p>\n<h5  >\nFrida Wechsler<\/h5>\n<h6  >\nMajor Donor Consultant<\/h6>\n<p>\t\t\t\t\t<a target=\"_blank\" rel=\"noopener\"><br \/>\n\t\t\t\t\t\tFacebook<br \/>\n\t\t\t\t\t\t\t\t\t\t\t<\/a><br \/>\n\t\t\t\t\t<a target=\"_blank\" rel=\"noopener\"><br \/>\n\t\t\t\t\t\tTwitter<br \/>\n\t\t\t\t\t\t\t\t\t\t\t<\/a><br \/>\n\t\t\t\t\t<a target=\"_blank\" rel=\"noopener\"><br \/>\n\t\t\t\t\t\tLinkedin<br \/>\n\t\t\t\t\t\t\t\t\t\t\t<\/a><br \/>\n\t\t\t\t\t\t\t\t\t\t\t\t\t<img decoding=\"async\" width=\"160\" height=\"170\" src=\"http:\/\/dunekamp.siverino.ch\/wp-content\/uploads\/2023\/05\/dunekamp_portrait_hires-17_40-160x170-1.jpg\" alt=\"\" \/>\t\t\t\t\t\t\t\t\t\t\t\t\t<\/p>\n<h5  >\nJames Guyot<\/h5>\n<h6  >\nFundraising Consultant<\/h6>\n<p>\t\t\t\t\t<a target=\"_blank\" rel=\"noopener\"><br \/>\n\t\t\t\t\t\tFacebook<br \/>\n\t\t\t\t\t\t\t\t\t\t\t<\/a><br \/>\n\t\t\t\t\t<a target=\"_blank\" rel=\"noopener\"><br \/>\n\t\t\t\t\t\tTwitter<br \/>\n\t\t\t\t\t\t\t\t\t\t\t<\/a><br \/>\n\t\t\t\t\t<a target=\"_blank\" rel=\"noopener\"><br \/>\n\t\t\t\t\t\tLinkedin<br \/>\n\t\t\t\t\t\t\t\t\t\t\t<\/a><br \/>\n\t\t\t\t\t\t\t\t\t\t\t\t\t<img decoding=\"async\" width=\"160\" height=\"170\" src=\"http:\/\/dunekamp.siverino.ch\/wp-content\/uploads\/2023\/05\/dunekamp_portrait_hires-20_40-160x170-1.jpg\" alt=\"\" \/>\t\t\t\t\t\t\t\t\t\t\t\t\t<\/p>\n<h5  >\nIsabella Bianchi<\/h5>\n<h6  >\nProcessing and advising<\/h6>\n<p>\t\t\t\t\t<a target=\"_blank\" rel=\"noopener\"><br \/>\n\t\t\t\t\t\tFacebook<br \/>\n\t\t\t\t\t\t\t\t\t\t\t<\/a><br \/>\n\t\t\t\t\t<a target=\"_blank\" rel=\"noopener\"><br \/>\n\t\t\t\t\t\tTwitter<br \/>\n\t\t\t\t\t\t\t\t\t\t\t<\/a><br \/>\n\t\t\t\t\t<a target=\"_blank\" rel=\"noopener\"><br \/>\n\t\t\t\t\t\tLinkedin<br \/>\n\t\t\t\t\t\t\t\t\t\t\t<\/a><\/p>\n<h2  > Philosophie<br \/>\n<\/h2>\n<p>\t\t\t\t\t\t\t\t\t\t\t\t\t<img decoding=\"async\" width=\"60\" height=\"3\" src=\"http:\/\/dunekamp.siverino.ch\/wp-content\/uploads\/2023\/05\/shape-border.png\" alt=\"\" \/>\t\t\t\t\t\t\t\t\t\t\t\t\t<\/p>\n<h4  > \u201eDie Leidenschaft zum Fundraising auf unseren Kunden zu \u00fcbertragen, sie zu bef\u00e4higen strategisch, kreativ, erfolgreich und selbstst\u00e4ndig ihr Fundraising umzusetzen&#187;<\/h4>\n<p>\t\t\t<a\n\t\t\t\thref=\"https:\/\/dunekamp.siverino.ch\/contact\/\"class=\"elementor-button btn btn-solid btn-icon-shaped btn-has-label\"\t\t\t><br \/>\n\t\t\t\t\t\tKontaktieren Sie Uns<br \/>\n\t\t\t\t\t\t\t\t\t\t\t<\/a><\/p>\n","protected":false},"excerpt":{"rendered":"<p>Ein Team mit Herz und Leidenschaft Felizitas Dunekamp CEO und Inhaberin Agentur Seit fast 20 Jahren arbeite ich im Fundraising. Jeden Tag bringe ich mein Wissen mit Herz und Leidenschaft f\u00fcr NPO\u2019s ein. Es ist mir ein grosses Anliegen, den Beruf der Fundraiserin und des Fundraisers zu etablieren und bekannter zu machen. 14 Jahre verantwortete [&hellip;]<\/p>\n","protected":false},"author":1,"featured_media":0,"parent":0,"menu_order":0,"comment_status":"closed","ping_status":"closed","template":"","meta":{"footnotes":""},"class_list":["post-11154","page","type-page","status-publish","hentry"],"_links":{"self":[{"href":"https:\/\/dunekamp.siverino.ch\/index.php?rest_route=\/wp\/v2\/pages\/11154","targetHints":{"allow":["GET"]}}],"collection":[{"href":"https:\/\/dunekamp.siverino.ch\/index.php?rest_route=\/wp\/v2\/pages"}],"about":[{"href":"https:\/\/dunekamp.siverino.ch\/index.php?rest_route=\/wp\/v2\/types\/page"}],"author":[{"embeddable":true,"href":"https:\/\/dunekamp.siverino.ch\/index.php?rest_route=\/wp\/v2\/users\/1"}],"replies":[{"embeddable":true,"href":"https:\/\/dunekamp.siverino.ch\/index.php?rest_route=%2Fwp%2Fv2%2Fcomments&post=11154"}],"version-history":[{"count":56,"href":"https:\/\/dunekamp.siverino.ch\/index.php?rest_route=\/wp\/v2\/pages\/11154\/revisions"}],"predecessor-version":[{"id":11758,"href":"https:\/\/dunekamp.siverino.ch\/index.php?rest_route=\/wp\/v2\/pages\/11154\/revisions\/11758"}],"wp:attachment":[{"href":"https:\/\/dunekamp.siverino.ch\/index.php?rest_route=%2Fwp%2Fv2%2Fmedia&parent=11154"}],"curies":[{"name":"wp","href":"https:\/\/api.w.org\/{rel}","templated":true}]}}